{"id":1259,"date":"2018-04-20T09:36:56","date_gmt":"2018-04-20T09:36:56","guid":{"rendered":"https:\/\/tornatech.wpengine.com\/about\/who-we-are\/"},"modified":"2026-03-10T19:11:17","modified_gmt":"2026-03-10T19:11:17","slug":"quienes-somos","status":"publish","type":"page","link":"https:\/\/www.tornatech.com\/es\/quienes\/quienes-somos\/","title":{"rendered":"Qui\u00e9nes somos"},"content":{"rendered":"<p>Fundada en 1985, Tornatech es una empresa familiar especializada en la concepci\u00f3n y fabricaci\u00f3n de controladores de bombas contra incendios certificados por UL, aprobados por FM y conformes a la norma NFPA 20, ampliamente reconocida.\u00a0 Adem\u00e1s, hemos desarrollado controladores que cumplen diversas normas y homologaciones locales como A2P (Francia) y LPCB (Reino Unido), por nombrar algunas. Tambi\u00e9n fabricamos productos relacionados. Tenemos capacidad de fabricaci\u00f3n en Canad\u00e1, Europa y Dub\u00e1i, una oficina de ventas en Singapur y representantes comerciales en Estados Unidos.<\/p>\n<p>Los productos de Tornatech se pueden encontrar en m\u00e1s de 85 pa\u00edses y en algunos de los edificios m\u00e1s magn\u00edficos del mundo, como las Torres Petronas en Kuala Lumpur, Apple Park en California, y el archipi\u00e9lago Palm Jumeirah en Dubai, la Torre Willis en Chicago y el Taipei 101 en Taiw\u00e1n.<\/p>\n<p>&nbsp;<\/p>\n<p>&nbsp;<\/p>\n","protected":false},"excerpt":{"rendered":"<p>Fundada en 1985, Tornatech es una empresa familiar especializada en la concepci\u00f3n y fabricaci\u00f3n de controladores de bombas contra incendios certificados por UL, aprobados por FM y conformes a la norma NFPA 20, ampliamente reconocida.\u00a0 Adem\u00e1s, hemos desarrollado controladores que cumplen diversas normas y homologaciones locales como A2P (Francia) y LPCB (Reino Unido), por nombrar [&hellip;]<\/p>\n","protected":false},"author":1,"featured_media":0,"parent":1255,"menu_order":0,"comment_status":"closed","ping_status":"closed","template":"templates\/who-we-are.php","meta":{"_acf_changed":false,"footnotes":""},"class_list":["post-1259","page","type-page","status-publish","hentry"],"acf":[],"_links":{"self":[{"href":"https:\/\/www.tornatech.com\/es\/wp-json\/wp\/v2\/pages\/1259\/"}],"collection":[{"href":"https:\/\/www.tornatech.com\/es\/wp-json\/wp\/v2\/pages\/"}],"about":[{"href":"https:\/\/www.tornatech.com\/es\/wp-json\/wp\/v2\/types\/page\/"}],"author":[{"embeddable":true,"href":"https:\/\/www.tornatech.com\/es\/wp-json\/wp\/v2\/users\/1\/"}],"replies":[{"embeddable":true,"href":"https:\/\/www.tornatech.com\/es\/wp-json\/wp\/v2\/comments\/?post=1259"}],"version-history":[{"count":0,"href":"https:\/\/www.tornatech.com\/es\/wp-json\/wp\/v2\/pages\/1259\/revisions\/"}],"up":[{"embeddable":true,"href":"https:\/\/www.tornatech.com\/es\/wp-json\/wp\/v2\/pages\/1255\/"}],"wp:attachment":[{"href":"https:\/\/www.tornatech.com\/es\/wp-json\/wp\/v2\/media\/?parent=1259"}],"curies":[{"name":"wp","href":"https:\/\/api.w.org\/{rel}","templated":true}]}}