{"id":13872,"date":"2024-05-03T22:55:20","date_gmt":"2024-05-03T22:55:20","guid":{"rendered":"https:\/\/www.tornatech.com\/cookie-policy\/"},"modified":"2025-11-07T09:20:47","modified_gmt":"2025-11-07T09:20:47","slug":"politique-en-matiere-de-fichiers-temoins-cookies","status":"publish","type":"page","link":"https:\/\/www.tornatech.com\/fr\/politique-en-matiere-de-fichiers-temoins-cookies\/","title":{"rendered":"Politique en mati\u00e8re de fichiers t\u00e9moins (\u00ab cookies \u00bb)"},"content":{"rendered":"<h2 style=\"text-align: center;\">POLITIQUE EN MATI\u00c8RE DE FICHIERS T\u00c9MOINS (\u00ab COOKIES \u00bb)<\/h2>\n<h6>Derni\u00e8re mise \u00e0 jour : [2024-04-23]<\/h6>\n<p>&nbsp;<\/p>\n<p>\u00c0 :<\/p>\n<p><a href=\"https:\/\/www.tornatech.com\">https:\/\/www.tornatech.com<\/a>;<\/p>\n<p><a href=\"https:\/\/vizi-link.tornatech.com\">https:\/\/vizi-link.tornatech.com<\/a>;<\/p>\n<p><a href=\"https:\/\/groupetornatechinc.com\">https:\/\/groupetornatechinc.com<\/a><\/p>\n<p>&nbsp;<\/p>\n<p>La pr\u00e9sente politique en mati\u00e8re de fichiers t\u00e9moins (\u00ab\u00a0cookies\u00a0\u00bb) (la \u00ab\u00a0<strong>Politique en mati\u00e8re de fichiers t\u00e9moins<\/strong>\u00a0\u00bb) s\u2019applique \u00e0 la collecte par Tornatech inc. et ses entit\u00e9s li\u00e9es (\u00ab\u00a0<strong>Nous\u00a0<\/strong>\u00bb, \u00ab\u00a0<strong>Notre\u00a0<\/strong>\u00bb, \u00ab\u00a0<strong>Nos\u00a0<\/strong>\u00bb) de fichiers t\u00e9moins (\u00ab\u00a0cookies\u00a0\u00bb) aupr\u00e8s des visiteurs utilisant Nos sites web suivants\u00a0: <a href=\"https:\/\/www.tornatech.com\">https:\/\/www.tornatech.com<\/a><u>;<\/u> <a href=\"https:\/\/vizi-link.tornatech.com\">https:\/\/vizi-link.tornatech.com<\/a>; <a href=\"https:\/\/groupetornatechinc.com\">https:\/\/groupetornatechinc.com<\/a> (Nos \u00ab\u00a0<strong>Sites Web<\/strong>\u00a0\u00bb). Nous nous effor\u00e7ons d&rsquo;honorer la confidentialit\u00e9 et la s\u00e9curit\u00e9 de toutes les donn\u00e9es que Nous recueillons aupr\u00e8s des visiteurs utilisant Nos Sites Web, tandis que Nous agissons en tant que contr\u00f4leur de donn\u00e9es personnelles en vertu des r\u00e8gles et r\u00e8glements pertinents en mati\u00e8re de protection des donn\u00e9es. Nos Sites Web utilisent, pour vous distinguer des autres utilisateurs de Nos Sites Web, des fichiers t\u00e9moins (\u00ab\u00a0<strong>cookies<\/strong>\u00a0\u00bb), en combinaison avec des pixels, des objets de stockage local et des dispositifs similaires (collectivement nomm\u00e9s des \u00ab\u00a0<strong>Fichiers T\u00e9moins<\/strong>\u00a0\u00bb, sauf indication contraire dans le texte).\u00a0 Cela Nous aide \u00e0 vous fournir une bonne exp\u00e9rience, \u00e0 am\u00e9liorer Nos services et \u00e0 personnaliser les annonces et le contenu pour vous lorsque vous utilisez l\u2019un ou l\u2019autre de nos Sites Web.<\/p>\n<p>La pr\u00e9sente Politique en mati\u00e8re de fichiers t\u00e9moins d\u00e9crit les types de Fichiers T\u00e9moins que Nous utilisons sur les Sites Web et les raisons pour lesquelles Nous les utilisons.<\/p>\n<p>Si vous avez des questions concernant cette Politique en mati\u00e8re de fichiers t\u00e9moins, veuillez nous contacter \u00e0 l&rsquo;adresse courriel suivante : <a href=\"mailto:privacy@tornatech.com\">privacy@tornatech.com<\/a> ou <a href=\"mailto:privacybelgium@tornatech.com\">privacybelgium@tornatech.com<\/a> si vous \u00eates en Europe. Pour une description et une liste plus compl\u00e8te des Fichiers T\u00e9moins que Nous utilisons actuellement sur les Sites Web, veuillez consulter Notre liste de Fichiers T\u00e9moins figurant \u00e0 l\u2019Annexe 1 du pr\u00e9sent document. Pour plus d&rsquo;informations sur Nos pratiques en mati\u00e8re de confidentialit\u00e9, veuillez consulter Notre politique de confidentialit\u00e9 : <a href=\"https:\/\/www.tornatech.com\/fr\/politique-de-confidentialite-et-de-protection\/\">https:\/\/www.tornatech.com\/fr\/politique-de-confidentialite-et-de-protection\/<\/a>.<\/p>\n<p>&nbsp;<\/p>\n<p>VEUILLEZ LIRE ATTENTIVEMENT LE PR\u00c9SENT AVIS SUR LES FICHIERS T\u00c9MOINS POUR CONNA\u00ceTRE LES RAISONS POUR LESQUELLES NOUS UTILISONS DES FICHIERS T\u00c9MOINS ET LES INFORMATIONS QU&rsquo;ILS RECUEILLENT AUPR\u00c8S DE VOUS ET \u00c0 VOTRE SUJET.<\/p>\n<p>&nbsp;<\/p>\n<h3><strong>D\u00e9finitions des Fichiers T\u00e9moins<\/strong><\/h3>\n<p>Un Fichier T\u00e9moin est un petit fichier de lettres et de chiffres que Nous stockons sur votre navigateur ou sur le disque dur de votre appareil, qui est comme une m\u00e9moire d&rsquo;ordinateur.<\/p>\n<p><strong><em>\u00a0<\/em><\/strong><strong><em>Fichiers T\u00e9moins de premi\u00e8re et de tierce partie<\/em><\/strong> : le fait qu&rsquo;un Fichier T\u00e9moin soit de \u00ab\u00a0premi\u00e8re\u00a0\u00bb ou de \u00ab\u00a0tierce partie\u00a0\u00bb fait r\u00e9f\u00e9rence au domaine qui place le Fichier T\u00e9moin.<\/p>\n<ol>\n<li>Les Fichiers T\u00e9moins de premi\u00e8re partie sont ceux plac\u00e9s par un site web qui est visit\u00e9 par l&rsquo;utilisateur \u00e0 ce moment-l\u00e0 (par exemple, les Fichiers T\u00e9moins plac\u00e9s par le domaine d\u2019un de Nos Site Web).<\/li>\n<li>Les Fichiers T\u00e9moins tiers sont des Fichiers T\u00e9moins plac\u00e9s par un domaine autre que celui du site web visit\u00e9 par l&rsquo;utilisateur. Si un utilisateur visite un site web et qu&rsquo;une autre entit\u00e9 place un Fichier T\u00e9moin par le biais de ce site web, il s&rsquo;agirait d&rsquo;un Fichier T\u00e9moin tiers.<\/li>\n<\/ol>\n<p><strong><em>Fichiers T\u00e9moins<\/em><\/strong> <strong><em>persistants<\/em><\/strong> : ces Fichiers T\u00e9moins restent sur l&rsquo;appareil d&rsquo;un utilisateur pendant la p\u00e9riode sp\u00e9cifi\u00e9e dans le Fichier T\u00e9moin. \u00a0Ils sont activ\u00e9s chaque fois que l&rsquo;utilisateur visite le site web qui a cr\u00e9\u00e9 ce Fichier T\u00e9moin particulier.<\/p>\n<p><strong><em>Fichiers T\u00e9moins de session<\/em><\/strong> : ces Fichiers T\u00e9moins permettent aux op\u00e9rateurs de sites web de lier les actions d&rsquo;un utilisateur pendant une session de navigateur. Une session de navigation commence lorsqu&rsquo;un utilisateur ouvre la fen\u00eatre du navigateur et se termine lorsqu&rsquo;il ferme la fen\u00eatre du navigateur. Les Fichiers T\u00e9moins de session sont cr\u00e9\u00e9s temporairement. Une fois que vous fermez le navigateur, tous les Fichiers T\u00e9moins de session sont supprim\u00e9s.<\/p>\n<p>&nbsp;<\/p>\n<h3>Quels sont les Fichiers T\u00e9moins que Nous utilisons et pourquoi ?<\/h3>\n<p>En g\u00e9n\u00e9ral, Nos Sites Web utilise des Fichiers T\u00e9moins pour vous distinguer des autres utilisateurs de Nos Sites Web. Cela Nous aide \u00e0 vous offrir une bonne exp\u00e9rience lorsque vous naviguez sur l\u2019un ou l\u2019autre de Nos Sites Web et Nous permet \u00e9galement de les am\u00e9liorer. Les Fichiers T\u00e9moins que Nous pouvons utiliser sur Nos Sites Web peuvent \u00eatre class\u00e9s comme suit :<\/p>\n<ol>\n<li>Strictement n\u00e9cessaire<\/li>\n<li>Performance<\/li>\n<li>Fonctionnalit\u00e9<\/li>\n<li>Ciblage<\/li>\n<\/ol>\n<p>Certains Fichiers T\u00e9moins peuvent remplir plus d&rsquo;un de ces objectifs.<\/p>\n<p>Les Fichiers T\u00e9moins \u00ab <strong><em>strictement n\u00e9cessaires <\/em><\/strong>\u00bb vous permettent de vous d\u00e9placer sur Nos Sites Web et d&rsquo;utiliser des fonctionnalit\u00e9s essentielles telles que les zones s\u00e9curis\u00e9es. Sans ces Fichiers T\u00e9moins, Nous ne pouvons pas fournir les services demand\u00e9s.<\/p>\n<p>Nous utilisons ces Fichiers T\u00e9moins <em>strictement n\u00e9cessaires<\/em> pour :<\/p>\n<ul>\n<li>Vous identifier comme \u00e9tant connect\u00e9 \u00e0 l\u2019un de Nos Sites Web et vous authentifier.<\/li>\n<li>S&rsquo;assurer que vous vous connectez au bon service sur le Site Web que vous visitez lorsque Nous apportons des modifications \u00e0 son fonctionnement.<\/li>\n<li>\u00c0 des fins de s\u00e9curit\u00e9.<\/li>\n<\/ul>\n<p>Si vous emp\u00eachez l&rsquo;utilisation de ces Fichiers T\u00e9moins, Nous ne pouvons pas garantir la performance du Site Web ou sa s\u00e9curit\u00e9 pendant votre visite.<\/p>\n<p>Les <strong><em>Fichiers T\u00e9moins de \u00ab\u00a0performance\u00a0\u00bb<\/em><\/strong> collectent des informations sur la fa\u00e7on dont vous utilisez le Site Web que vous visitez, par exemple les pages que vous visitez, et si vous rencontrez des erreurs. Ces Fichiers T\u00e9moins ne collectent aucune information susceptible de vous identifier et sont uniquement utilis\u00e9s pour nous aider \u00e0 am\u00e9liorer le fonctionnement de Nos Sites Web, \u00e0 comprendre les int\u00e9r\u00eats de Nos utilisateurs et \u00e0 mesurer l&rsquo;efficacit\u00e9 de Notre publicit\u00e9.<\/p>\n<p>Nous utilisons des <em>Fichiers T\u00e9moins de performance<\/em> pour :<\/p>\n<ul>\n<li>Effectuer des analyses web : Fournir des statistiques sur la fa\u00e7on dont Nos Sites Web sont utilis\u00e9s;<\/li>\n<li>Effectuer le suivi des affili\u00e9s : Fournir un retour d&rsquo;information aux entit\u00e9s affili\u00e9es indiquant qu&rsquo;un de Nos visiteurs a \u00e9galement visit\u00e9 leur site.<\/li>\n<li>Obtenir des donn\u00e9es sur le nombre d&rsquo;utilisateurs de Nos Sites Web qui ont consult\u00e9 un produit ou un service.<\/li>\n<li>Nous aider \u00e0 am\u00e9liorer Nos Sites Web en mesurant les erreurs qui se produisent.<\/li>\n<li>Tester diff\u00e9rentes conceptions de Nos Sites Web.<\/li>\n<\/ul>\n<p>Certains de Nos Fichiers T\u00e9moins de performance sont g\u00e9r\u00e9s pour Nous par des tiers.<\/p>\n<p>Les <strong><em>Fichiers T\u00e9moins de \u00ab\u00a0fonctionnalit\u00e9\u00a0\u00bb<\/em><\/strong> sont utilis\u00e9s pour fournir des services ou pour m\u00e9moriser des param\u00e8tres afin d&rsquo;am\u00e9liorer votre visite.<\/p>\n<p>Nous utilisons les <em>Fichiers T\u00e9moins de \u00ab\u00a0fonctionnalit\u00e9\u00a0\u00bb<\/em> \u00e0 des fins telles que :<\/p>\n<ul>\n<li>Se souvenir des param\u00e8tres que vous avez appliqu\u00e9s, tels que la mise en page, la taille du texte, les pr\u00e9f\u00e9rences et les couleurs.<\/li>\n<li>Se souvenir si Nous vous avons d\u00e9j\u00e0 demand\u00e9 si vous vouliez r\u00e9pondre \u00e0 une enqu\u00eate.<\/li>\n<li>Se souvenir si vous avez utilis\u00e9 un \u00e9l\u00e9ment ou une liste sp\u00e9cifique du Site Web que vous visitez afin d&rsquo;\u00e9viter qu&rsquo;il ne se r\u00e9p\u00e8te.<\/li>\n<li>Vous montrer quand vous \u00eates connect\u00e9 au Site Web que vous visitez.<\/li>\n<li>Pour fournir et afficher le contenu vid\u00e9o int\u00e9gr\u00e9.<\/li>\n<\/ul>\n<p>Certains de ces Fichiers T\u00e9moins sont g\u00e9r\u00e9s pour Nous par des tiers.<\/p>\n<p>Les <strong><em>Fichiers T\u00e9moins<\/em><\/strong> <strong><em>de \u00ab\u00a0ciblage\u00a0\u00bb<\/em><\/strong> sont utilis\u00e9s pour suivre votre visite sur le Site Web que vous visitez, ainsi que sur d&rsquo;autres sites web, apps et services en ligne, y compris les pages que vous avez visit\u00e9es et les liens que vous avez suivis, ce qui Nous permet de vous afficher des publicit\u00e9s cibl\u00e9es sur Nos Sites Web.<\/p>\n<p>Nous pouvons utiliser des <em>Fichiers T\u00e9moins de ciblage<\/em> pour :<\/p>\n<ul>\n<li>Afficher des annonces cibl\u00e9es sur Nos Sites Web.<\/li>\n<li>Am\u00e9liorer la fa\u00e7on dont Nous diffusons des annonces et du contenu personnalis\u00e9s, et mesurer le succ\u00e8s des campagnes publicitaires sur Nos Sites Web.<\/li>\n<\/ul>\n<p>&nbsp;<\/p>\n<h3><strong>Quand avons-nous besoin de votre consentement ?<\/strong><\/h3>\n<p><strong>\u00a0<\/strong>Tous le Fichiers T\u00e9moins n\u00e9cessitent votre consentement.<\/p>\n<p>Nous demandons votre consentement avant de les placer sur votre appareil. Vous pouvez donner votre consentement en cliquant sur le bouton appropri\u00e9 sur la banni\u00e8re qui vous est affich\u00e9e. Si vous ne souhaitez pas donner votre consentement ou si vous souhaitez retirer votre consentement \u00e0 tout Fichier T\u00e9moin \u00e0 tout moment, vous devrez supprimer, et bloquer ou d\u00e9sactiver les Fichiers T\u00e9moins via les param\u00e8tres de votre navigateur ; voir ci-dessous pour plus d&rsquo;informations sur la fa\u00e7on de proc\u00e9der. Veuillez noter que la d\u00e9sactivation de ces Fichiers T\u00e9moins affectera la fonctionnalit\u00e9 du Site Web que vous d\u00e9sirez visiter, et peut vous emp\u00eacher de pouvoir acc\u00e9der \u00e0 certaines fonctionnalit\u00e9s du site web.<\/p>\n<p>&nbsp;<\/p>\n<h3><strong>Comment supprimer et bloquer nos Fichiers T\u00e9moins<\/strong><\/h3>\n<p>La plupart des navigateurs web permettent un certain contr\u00f4le de la plupart des Fichiers T\u00e9moins par le biais des param\u00e8tres du navigateur. Toutefois, si vous utilisez les param\u00e8tres de votre navigateur pour bloquer tous les Fichiers T\u00e9moins (y compris les Fichiers T\u00e9moins strictement n\u00e9cessaires), il se peut que vous ne puissiez pas acc\u00e9der \u00e0 tout ou partie d\u2019un de Nos Sites Web. \u00c0 moins que vous n&rsquo;ayez r\u00e9gl\u00e9 les param\u00e8tres de votre navigateur pour qu&rsquo;il refuse les Fichiers T\u00e9moins, Notre syst\u00e8me \u00e9mettra des Fichiers T\u00e9moins d\u00e8s que vous visiterez l\u2019un de Nos Sites Web.<\/p>\n<p><strong><em>Modification des param\u00e8tres de vos Fichiers T\u00e9moins<\/em><\/strong>.\u00a0 Les param\u00e8tres du navigateur permettant de modifier les param\u00e8tres de vos Fichiers T\u00e9moins se trouvent g\u00e9n\u00e9ralement dans le menu \u00ab\u00a0options\u00a0\u00bb ou \u00ab\u00a0pr\u00e9f\u00e9rences\u00a0\u00bb de votre navigateur Internet. Pour comprendre ces param\u00e8tres, les liens suivants peuvent vous \u00eatre utiles. Sinon, vous devriez utiliser l&rsquo;option \u00ab\u00a0Aide\u00a0\u00bb de votre navigateur internet pour plus de d\u00e9tails.<\/p>\n<ul>\n<li><a href=\"https:\/\/support.microsoft.com\/en-us\/help\/17442\/windows-internet-explorer-delete-manage-cookies\">Param\u00e8tres des Fichiers T\u00e9moins (\u00ab\u00a0Cookies\u00a0\u00bb) dans Internet Explorer<\/a><\/li>\n<li><a href=\"https:\/\/support.mozilla.org\/en-US\/kb\/enable-and-disable-cookies-website-preferences\">Param\u00e8tres des Fichiers T\u00e9moins (\u00ab\u00a0Cookies\u00a0\u00bb) dans Firefox<\/a><\/li>\n<li><a href=\"https:\/\/support.google.com\/chrome\/answer\/95647?hl=en\">Param\u00e8tres des Fichiers T\u00e9moins (\u00ab\u00a0Cookies\u00a0\u00bb) dans Chrome<\/a><\/li>\n<li><a href=\"https:\/\/support.apple.com\/en-is\/guide\/safari\/sfri11471\/16.0\/mac\/11.0\">Param\u00e8tres des Fichiers T\u00e9moins (\u00ab\u00a0Cookies\u00a0\u00bb) dans Safari<\/a><\/li>\n<\/ul>\n<p><strong><em>Plus d&rsquo;informations<\/em><\/strong>. Pour en savoir plus sur les Fichiers T\u00e9moins, y compris sur la mani\u00e8re de voir quels cookies ont \u00e9t\u00e9 d\u00e9finis et comment les g\u00e9rer et les supprimer, visitez le site <a href=\"http:\/\/www.aboutcookies.org\">www.aboutcookies.org<\/a>.<\/p>\n<p><strong>\u00a0<\/strong><\/p>\n<h3><strong>Liste des Fichiers T\u00e9moins (\u00ab\u00a0Cookies\u00a0\u00bb)\u00a0 <\/strong><\/h3>\n<h6><a href=\"https:\/\/www.tornatech.com\/wp-content\/uploads\/2024\/05\/ANNEXE-1_FR.pdf\" target=\"_blank\" rel=\"noopener\">Voir Annexe 1<\/a><\/h6>\n<p><strong>\u00a0<\/strong><\/p>\n<h3><strong>Nous contacter <\/strong><\/h3>\n<p>Pour toute question, n&rsquo;h\u00e9sitez pas \u00e0 Nous contacter \u00e0 l&rsquo;adresse courriel suivante : <a href=\"mailto:privacy@tornatech.com\">privacy@tornatech.com<\/a><\/p>\n","protected":false},"excerpt":{"rendered":"<p>POLITIQUE EN MATI\u00c8RE DE FICHIERS T\u00c9MOINS (\u00ab COOKIES \u00bb) Derni\u00e8re mise \u00e0 jour : [2024-04-23] &nbsp; \u00c0 : https:\/\/www.tornatech.com; https:\/\/vizi-link.tornatech.com; https:\/\/groupetornatechinc.com &nbsp; La pr\u00e9sente politique en mati\u00e8re de fichiers t\u00e9moins (\u00ab\u00a0cookies\u00a0\u00bb) (la \u00ab\u00a0Politique en mati\u00e8re de fichiers t\u00e9moins\u00a0\u00bb) s\u2019applique \u00e0 la collecte par Tornatech inc. et ses entit\u00e9s li\u00e9es (\u00ab\u00a0Nous\u00a0\u00bb, \u00ab\u00a0Notre\u00a0\u00bb, \u00ab\u00a0Nos\u00a0\u00bb) de fichiers t\u00e9moins [&hellip;]<\/p>\n","protected":false},"author":1,"featured_media":0,"parent":0,"menu_order":0,"comment_status":"closed","ping_status":"closed","template":"templates\/privacy-policy-tornatech.php","meta":{"_acf_changed":false,"footnotes":""},"class_list":["post-13872","page","type-page","status-publish","hentry"],"acf":[],"_links":{"self":[{"href":"https:\/\/www.tornatech.com\/fr\/wp-json\/wp\/v2\/pages\/13872\/"}],"collection":[{"href":"https:\/\/www.tornatech.com\/fr\/wp-json\/wp\/v2\/pages\/"}],"about":[{"href":"https:\/\/www.tornatech.com\/fr\/wp-json\/wp\/v2\/types\/page\/"}],"author":[{"embeddable":true,"href":"https:\/\/www.tornatech.com\/fr\/wp-json\/wp\/v2\/users\/1\/"}],"replies":[{"embeddable":true,"href":"https:\/\/www.tornatech.com\/fr\/wp-json\/wp\/v2\/comments\/?post=13872"}],"version-history":[{"count":0,"href":"https:\/\/www.tornatech.com\/fr\/wp-json\/wp\/v2\/pages\/13872\/revisions\/"}],"wp:attachment":[{"href":"https:\/\/www.tornatech.com\/fr\/wp-json\/wp\/v2\/media\/?parent=13872"}],"curies":[{"name":"wp","href":"https:\/\/api.w.org\/{rel}","templated":true}]}}